{"id":353,"date":"2020-05-02T16:53:57","date_gmt":"2020-05-02T14:53:57","guid":{"rendered":"http:\/\/louis.merlinerie.com\/?page_id=353"},"modified":"2020-05-12T12:44:05","modified_gmt":"2020-05-12T10:44:05","slug":"louis-merlin","status":"publish","type":"page","link":"https:\/\/louis.merlinerie.com\/","title":{"rendered":"Louis Merlin"},"content":{"rendered":"\n<div class=\"wp-block-image is-style-rounded\"><figure class=\"aligncenter size-medium\"><img loading=\"lazy\" decoding=\"async\" width=\"197\" height=\"300\" src=\"http:\/\/louis.merlinerie.com\/wp-content\/uploads\/2017\/10\/guerre-10_1-197x300.jpg\" alt=\"\" class=\"wp-image-286\" srcset=\"https:\/\/louis.merlinerie.com\/wp-content\/uploads\/2017\/10\/guerre-10_1-197x300.jpg 197w, https:\/\/louis.merlinerie.com\/wp-content\/uploads\/2017\/10\/guerre-10_1-768x1170.jpg 768w, https:\/\/louis.merlinerie.com\/wp-content\/uploads\/2017\/10\/guerre-10_1-672x1024.jpg 672w, https:\/\/louis.merlinerie.com\/wp-content\/uploads\/2017\/10\/guerre-10_1.jpg 1669w\" sizes=\"auto, (max-width: 197px) 100vw, 197px\" \/><\/figure><\/div>\n\n\n\n<ul class=\"wp-block-list\"><li>Soldat de 1\u00e8re classe Louis Merlin<\/li><li>N\u00e9 le 31 mai 1893 \u00e0 Marzy (Ni\u00e8vre)<\/li><li>Fils de Fran\u00e7ois Merlin et de Madeleine Delance<\/li><li>Domicili\u00e9s au 32, rue du G\u00e9n\u00e9ral Sorbier \u00e0 Nevers (Ni\u00e8vre)<\/li><li>Profession avant guerre Armurier<\/li><li>Classe 1913<\/li><li>Recrutement de Nevers (Ni\u00e8vre) sous le matricule n\u00b0 1827<\/li><li>Affect\u00e9 au 13\u00e8me r\u00e9giment d&rsquo;infanterie du 27 novembre 1913 au 31 mai 1917<\/li><li>Affect\u00e9 \u00e0 la 6\u00e8me compagnie du 13\u00e8me RI<\/li><li>Affect\u00e9 \u00e0 la compagnie hors rang (CHR) du 13\u00e8me RI, le 5 ao\u00fbt 1914<\/li><li>Evacu\u00e9 pour maladie contact\u00e9e en service sur l&rsquo;h\u00f4pital de Bar-le-Duc du 2 au 20 juin 1916<\/li><li>Rejoint le 13\u00e8me RI, le 28 juin 1916<\/li><li>En subsistance au 131\u00e8me r\u00e9giment territorial les 3 et 4 novembre 1916<\/li><li>Nomm\u00e9 Soldat de 1\u00e8re classe, le 16 janvier 1917<\/li><li>Pass\u00e9 \u00e0 l&rsquo;a\u00e9ronautique militaire, le 1er juin 1917<\/li><li>M\u00e9canicien de l&rsquo;escadrille C 215 du 23 juin au 3 juillet 1917<\/li><li>M\u00e9canicien du Parc n\u00b0 4 du 3 au 5 juillet 1917<\/li><li>M\u00e9canicien-ajusteur de l&rsquo;escadrille AR 21 \/ SPAbi 21 du 5 juillet 1917 au (fin 1er trimestre) 1919<\/li><li>Bless\u00e9 avec fracture de la phalange de l&rsquo;index droit par choc d&rsquo;h\u00e9lice sur le terrain d&rsquo;aviation de La Cense (Marne) et \u00e9vacu\u00e9 sur l&rsquo;ambulance 13\/17, le 31 mars 1918<\/li><li>Evacu\u00e9 sur l&rsquo;h\u00f4pital auxiliaire du territoire n\u00b0 101 du 3 avril au 6 juin 1918<\/li><li>Rejoint l&rsquo;escadrille SPAbi 21, le 24 juin 1918<\/li><li>En subsistance au parc n\u00b0 8 du 25 au 27 juin 1918<\/li><li>En subsistance \u00e0 l&rsquo;escadrille SAL 262 du 21 au 23 novembre 1918<\/li><li>Part par la voie des airs pour rejoindre l&rsquo;escadrille 21, le 28 d\u00e9cembre 1918<\/li><li>Affect\u00e9 \u00e0 la DPTA \u00e0 la fin du 1er trimestre 1919<\/li><li>D\u00e9mobilis\u00e9 par le centre d\u00e9mobilisateur d&rsquo;a\u00e9ronautique de la 8\u00e8me r\u00e9gion, le 9 septembre 1919<\/li><li>Domicili\u00e9 au 32, boulevard de la R\u00e9publique \u00e0 Nevers (Ni\u00e8vre), \u00e0 compter du 20 janvier 1920<\/li><li>Domicili\u00e9 au 177, rue de la Croix Nivert \u00e0 Paris 15\u00e8me (75), \u00e0 compter du 19 octobre 1925<\/li><li>Affect\u00e9 au centre de mobilisation d&rsquo;aviation n\u00b0 25, le 2 mai 1935<\/li><li>Rappel\u00e9 \u00e0 l&rsquo;activit\u00e9, le 28 septembre 1938<\/li><li>Affect\u00e9 au 105\u00e8me r\u00e9giment d&rsquo;artillerie lourde, le 29 septembre 1938<\/li><li>Renvoy\u00e9 dans ses foyers, le 6 octobre 1938<\/li><li>Affect\u00e9 \u00e0 la 188\u00e8me batterie du 63\u00e8me groupe du 404\u00e8me r\u00e9giment de DCA, le 20 mars 1939<\/li><li>Pass\u00e9 au d\u00e9p\u00f4t d&rsquo;artillerie n\u00b0 409, le 2 septembre 1939<\/li><li>Class\u00e9 en affectation r\u00e9serv\u00e9e au titre du d\u00e9p\u00f4t 409, le 2 mai 1940<\/li><li>Renvoy\u00e9 dans ses foyers, le 11 mai 1940<\/li><li>Domicili\u00e9 au 3, rue de la Digue \u00e0 Carcassonne (Aude), \u00e0 compter du 13 mai 1940 <\/li><li>Sources : CCC de l&rsquo;escadrille AR 21 \/ SPAbi 21 &#8211; Fiche matricule conserv\u00e9e aux archives d\u00e9partementales de la Ni\u00e8vre &#8211; Derni\u00e8re mise \u00e0 jour : 10 d\u00e9cembre 2019.<\/li><\/ul>\n\n\n\n<blockquote class=\"wp-block-quote is-layout-flow wp-block-quote-is-layout-flow\"><p>Merci \u00e0 Denis Albin pour ce travail de recherche<\/p><cite>http:\/\/albindenis.free.fr\/Site_escadrille\/escadrille021.htm<\/cite><\/blockquote>\n\n\n\n<figure class=\"wp-block-gallery columns-2 is-cropped wp-block-gallery-1 is-layout-flex wp-block-gallery-is-layout-flex\"><ul class=\"blocks-gallery-grid\"><li class=\"blocks-gallery-item\"><figure><a href=\"http:\/\/louis.merlinerie.com\/?attachment_id=365\"><img loading=\"lazy\" decoding=\"async\" width=\"1024\" height=\"681\" src=\"http:\/\/louis.merlinerie.com\/wp-content\/uploads\/2020\/05\/Carte-postale-linvasion-des-cafard-recto-1024x681.jpg\" alt=\"\" data-id=\"365\" data-full-url=\"http:\/\/louis.merlinerie.com\/wp-content\/uploads\/2020\/05\/Carte-postale-linvasion-des-cafard-recto-scaled.jpg\" data-link=\"http:\/\/louis.merlinerie.com\/?attachment_id=365\" class=\"wp-image-365\" srcset=\"https:\/\/louis.merlinerie.com\/wp-content\/uploads\/2020\/05\/Carte-postale-linvasion-des-cafard-recto-1024x681.jpg 1024w, https:\/\/louis.merlinerie.com\/wp-content\/uploads\/2020\/05\/Carte-postale-linvasion-des-cafard-recto-300x199.jpg 300w, https:\/\/louis.merlinerie.com\/wp-content\/uploads\/2020\/05\/Carte-postale-linvasion-des-cafard-recto-768x510.jpg 768w, https:\/\/louis.merlinerie.com\/wp-content\/uploads\/2020\/05\/Carte-postale-linvasion-des-cafard-recto-1536x1021.jpg 1536w, https:\/\/louis.merlinerie.com\/wp-content\/uploads\/2020\/05\/Carte-postale-linvasion-des-cafard-recto-2048x1361.jpg 2048w\" sizes=\"auto, (max-width: 706px) 89vw, (max-width: 767px) 82vw, 740px\" \/><\/a><\/figure><\/li><li class=\"blocks-gallery-item\"><figure><a href=\"http:\/\/louis.merlinerie.com\/?attachment_id=366\"><img loading=\"lazy\" decoding=\"async\" width=\"1024\" height=\"681\" src=\"http:\/\/louis.merlinerie.com\/wp-content\/uploads\/2020\/05\/Carte-postale-linvasion-des-cafard-verso-1024x681.jpg\" alt=\"\" data-id=\"366\" data-full-url=\"http:\/\/louis.merlinerie.com\/wp-content\/uploads\/2020\/05\/Carte-postale-linvasion-des-cafard-verso-scaled.jpg\" data-link=\"http:\/\/louis.merlinerie.com\/?attachment_id=366\" class=\"wp-image-366\" srcset=\"https:\/\/louis.merlinerie.com\/wp-content\/uploads\/2020\/05\/Carte-postale-linvasion-des-cafard-verso-1024x681.jpg 1024w, https:\/\/louis.merlinerie.com\/wp-content\/uploads\/2020\/05\/Carte-postale-linvasion-des-cafard-verso-300x199.jpg 300w, https:\/\/louis.merlinerie.com\/wp-content\/uploads\/2020\/05\/Carte-postale-linvasion-des-cafard-verso-768x510.jpg 768w, https:\/\/louis.merlinerie.com\/wp-content\/uploads\/2020\/05\/Carte-postale-linvasion-des-cafard-verso-1536x1021.jpg 1536w, https:\/\/louis.merlinerie.com\/wp-content\/uploads\/2020\/05\/Carte-postale-linvasion-des-cafard-verso-2048x1361.jpg 2048w\" sizes=\"auto, (max-width: 706px) 89vw, (max-width: 767px) 82vw, 740px\" \/><\/a><\/figure><\/li><li class=\"blocks-gallery-item\"><figure><a href=\"http:\/\/louis.merlinerie.com\/?attachment_id=367\"><img loading=\"lazy\" decoding=\"async\" width=\"1024\" height=\"681\" src=\"http:\/\/louis.merlinerie.com\/wp-content\/uploads\/2020\/05\/Carte-postale-oh-pardon-recto-1024x681.jpg\" alt=\"\" data-id=\"367\" data-full-url=\"http:\/\/louis.merlinerie.com\/wp-content\/uploads\/2020\/05\/Carte-postale-oh-pardon-recto-scaled.jpg\" data-link=\"http:\/\/louis.merlinerie.com\/?attachment_id=367\" class=\"wp-image-367\" srcset=\"https:\/\/louis.merlinerie.com\/wp-content\/uploads\/2020\/05\/Carte-postale-oh-pardon-recto-1024x681.jpg 1024w, https:\/\/louis.merlinerie.com\/wp-content\/uploads\/2020\/05\/Carte-postale-oh-pardon-recto-300x199.jpg 300w, https:\/\/louis.merlinerie.com\/wp-content\/uploads\/2020\/05\/Carte-postale-oh-pardon-recto-768x510.jpg 768w, https:\/\/louis.merlinerie.com\/wp-content\/uploads\/2020\/05\/Carte-postale-oh-pardon-recto-1536x1021.jpg 1536w, https:\/\/louis.merlinerie.com\/wp-content\/uploads\/2020\/05\/Carte-postale-oh-pardon-recto-2048x1361.jpg 2048w\" sizes=\"auto, (max-width: 706px) 89vw, (max-width: 767px) 82vw, 740px\" \/><\/a><\/figure><\/li><li class=\"blocks-gallery-item\"><figure><a href=\"http:\/\/louis.merlinerie.com\/?attachment_id=368\"><img loading=\"lazy\" decoding=\"async\" width=\"1024\" height=\"681\" src=\"http:\/\/louis.merlinerie.com\/wp-content\/uploads\/2020\/05\/Carte-postale-oh-pardon-verso-1024x681.jpg\" alt=\"\" data-id=\"368\" data-full-url=\"http:\/\/louis.merlinerie.com\/wp-content\/uploads\/2020\/05\/Carte-postale-oh-pardon-verso-scaled.jpg\" data-link=\"http:\/\/louis.merlinerie.com\/?attachment_id=368\" class=\"wp-image-368\" srcset=\"https:\/\/louis.merlinerie.com\/wp-content\/uploads\/2020\/05\/Carte-postale-oh-pardon-verso-1024x681.jpg 1024w, https:\/\/louis.merlinerie.com\/wp-content\/uploads\/2020\/05\/Carte-postale-oh-pardon-verso-300x199.jpg 300w, https:\/\/louis.merlinerie.com\/wp-content\/uploads\/2020\/05\/Carte-postale-oh-pardon-verso-768x510.jpg 768w, https:\/\/louis.merlinerie.com\/wp-content\/uploads\/2020\/05\/Carte-postale-oh-pardon-verso-1536x1021.jpg 1536w, https:\/\/louis.merlinerie.com\/wp-content\/uploads\/2020\/05\/Carte-postale-oh-pardon-verso-2048x1361.jpg 2048w\" sizes=\"auto, (max-width: 706px) 89vw, (max-width: 767px) 82vw, 740px\" \/><\/a><\/figure><\/li><\/ul><\/figure>\n\n\n\n<h4 class=\"wp-block-heading\">Texte carte postale \u00ab\u00a0L&rsquo;invasion des cafards\u00a0\u00bb<\/h4>\n\n\n\n<p><strong>RECTO<\/strong><br>Comme sur cette carte les cafards me font souffrir.<br>Plein mon lit, tous le soirs, impossible de dormir.<br>Il n&rsquo;existe qu&rsquo;un seul rem\u00e8de un bon pour tuer ces sales b\u00eates.<br>Des jours de traitement<br>La gait\u00e9 revient chassant de notre t\u00eate une permission<br>Les b\u00eates affreuses, ignobles et immondes dont souffre depuis 4 ans tout le monde.<\/p>\n\n\n\n<p><strong>VERSO<\/strong><br>Alors je te quitte pour ce soir mon cher tr\u00e9sor bien aim\u00e9e<br>Embrasse bien nos parents pour moi. Tout \u00e0 toi pour la vie<br>Ton petit mari qui t&rsquo;adore et t&#8217;embrasse de tout c\u0153ur<\/p>\n\n\n\n<p><strong>Correspondance<\/strong><br>Le 27 juillet 18<br>Petite femme aim\u00e9e<br>\u2026 qu&rsquo;un simple petit mot de toi aujourd&rsquo;hui j&rsquo;aurais \u00e9t\u00e9 pourtant bien heureuse d&rsquo;en avoir un longue mais voila ma petite femme aim\u00e9e ne sait plus \u00e9crire.<br>Enfin \u00e7a ne fait rien mon tr\u00e9sor je t&rsquo;aime bien quand m\u00eame mon amour<br>J&rsquo;esp\u00e8re que tu es toujours en bonne sant\u00e9 ainsi que nos parents.<br>Pour moi je me porte toujours tr\u00e8s bien, ma dent va tout \u00e0 fait mieux depuis que je l&rsquo;ai fait arrach\u00e9e<\/p>\n","protected":false},"excerpt":{"rendered":"<p>Soldat de 1\u00e8re classe Louis Merlin N\u00e9 le 31 mai 1893 \u00e0 Marzy (Ni\u00e8vre) Fils de Fran\u00e7ois Merlin et de Madeleine Delance Domicili\u00e9s au 32, rue du G\u00e9n\u00e9ral Sorbier \u00e0 Nevers (Ni\u00e8vre) Profession avant guerre Armurier Classe 1913 Recrutement de Nevers (Ni\u00e8vre) sous le matricule n\u00b0 1827 Affect\u00e9 au 13\u00e8me r\u00e9giment d&rsquo;infanterie du 27 novembre &hellip; <\/p>\n<p class=\"link-more\"><a href=\"https:\/\/louis.merlinerie.com\/\" class=\"more-link\">Continuer la lecture<span class=\"screen-reader-text\"> de &laquo;&nbsp;Louis Merlin&nbsp;&raquo;<\/span><\/a><\/p>\n","protected":false},"author":1,"featured_media":0,"parent":0,"menu_order":0,"comment_status":"closed","ping_status":"closed","template":"","meta":{"footnotes":""},"class_list":["post-353","page","type-page","status-publish","hentry"],"_links":{"self":[{"href":"https:\/\/louis.merlinerie.com\/index.php?rest_route=\/wp\/v2\/pages\/353","targetHints":{"allow":["GET"]}}],"collection":[{"href":"https:\/\/louis.merlinerie.com\/index.php?rest_route=\/wp\/v2\/pages"}],"about":[{"href":"https:\/\/louis.merlinerie.com\/index.php?rest_route=\/wp\/v2\/types\/page"}],"author":[{"embeddable":true,"href":"https:\/\/louis.merlinerie.com\/index.php?rest_route=\/wp\/v2\/users\/1"}],"replies":[{"embeddable":true,"href":"https:\/\/louis.merlinerie.com\/index.php?rest_route=%2Fwp%2Fv2%2Fcomments&post=353"}],"version-history":[{"count":5,"href":"https:\/\/louis.merlinerie.com\/index.php?rest_route=\/wp\/v2\/pages\/353\/revisions"}],"predecessor-version":[{"id":370,"href":"https:\/\/louis.merlinerie.com\/index.php?rest_route=\/wp\/v2\/pages\/353\/revisions\/370"}],"wp:attachment":[{"href":"https:\/\/louis.merlinerie.com\/index.php?rest_route=%2Fwp%2Fv2%2Fmedia&parent=353"}],"curies":[{"name":"wp","href":"https:\/\/api.w.org\/{rel}","templated":true}]}}